{"id":157,"date":"2021-04-10T21:43:48","date_gmt":"2021-04-10T19:43:48","guid":{"rendered":"http:\/\/pnhaqvo.cluster029.hosting.ovh.net\/?page_id=157"},"modified":"2022-03-31T14:38:04","modified_gmt":"2022-03-31T12:38:04","slug":"biographie","status":"publish","type":"page","link":"https:\/\/veronikabulycheva.com\/index.php\/biographie\/","title":{"rendered":"Biographie"},"content":{"rendered":"\n<h2 class=\"wp-block-heading\">Veronika Bulycheva,<\/h2>\n\n\n\n<p>est proche de nous, comme si sa langue maternelle et la n\u00f4tre ne faisait qu\u2019une. Dans un registre contemporain, la suavit\u00e9 et le ton l\u00e9ger de ses mots nous transportent au coeur de sa culture slave jadis si \u00e9troitement li\u00e9e \u00e0 la France.<br>En traversant les fronti\u00e8res qui nous s\u00e9parent de son Oural natal, V\u00e9ronika avait l\u2019obsession d\u2019atteindre l\u2019espace de libre expression tant \u00e9voqu\u00e9 et souvent fantasm\u00e9 par celles et ceux qu\u2019elle a quitt\u00e9.<br>Veronika est ce trait d\u2019union artistique qui permet apr\u00e8s murs et rideaux effondr\u00e9s, de retrouver l\u2019intimit\u00e9 et l\u2019\u00e9moi d\u2019un univers po\u00e9tique commun.<br>Chanteuse guitariste et compositrice, elle nous emm\u00e8ne dans son univers po\u00e9tique au fil de son histoire avec ses chansons, \u00ab&nbsp;o\u00f9 l\u2019on sait rire d\u2019un drame autant qu\u2019en pleurer&nbsp;\u00bb.<\/p>\n\n\n\n<h2 class=\"wp-block-heading\">Biographie<\/h2>\n\n\n\n<p>Veronika Bulycheva est n\u00e9e d\u2019un p\u00e8re russe et d\u2019une m\u00e8re oudmourte dans un petit village de l\u2019Oural en Russie. \u00c0 15 ans, elle commence des \u00e9tudes musicales au lyc\u00e9e de Votkinsk (la ville natale du compositeur P.I.Tchaikovski) : elle \u00e9tudie l\u2019accord\u00e9on, le chant lyrique et la direction de ch\u0153ur. En 1989 elle entre \u00e0 l\u2019Acad\u00e9mie des Arts de Saint-P\u00e9tersbourg o\u00f9 elle suit un cursus de guitare jazz et apprend la composition. Ses \u00e9tudes achev\u00e9es, forte de plusieurs ann\u00e9es d\u2019exp\u00e9riences de la sc\u00e8ne et confiante dans son talent, elle quitte Saint-P\u00e9tersbourg en 1992 pour Paris.<\/p>\n\n\n\n<p>\u00c0 Paris, avec sa compatriote, chanteuse et violoniste, Natalia Ermilova elles forment le duo Mamouchka. Ensemble elles enregistrent plusieurs albums de chansons traditionnelles russes (ARB music). En 2004 Veronika commence sa carri\u00e8re solo et produit plusieurs albums de compositions sous label Sketis Music. <\/p>\n\n\n\n<p>Dans son parcours Veronika Bulycheva a eu l\u2019opportunit\u00e9 de travailler avec des musiciens de grand renom\u00a0: le bassiste\u00a0Jannick Top (Magma), le contrebassiste\u00a0Greg Cohen (Tom Waits), le batteur Felix Sabal-Lecco (Peter Gabriel, Sting), le batteur Julien Tekeyan (Khaled, Vianney), le pianiste et producteur Martial Besombes (Prince), le guitariste et producteur Maxim Delpierre (VKNG, Jeanne Added). Veronika participe en qualit\u00e9 de choriste-soliste \u00e0 l\u2019enregistrement de la musique originale du film\u00a0<em>Louise<\/em> (<em>take 2<\/em>) de Siegfried. Elle est compositeur et interpr\u00e8te de la chanson \u00ab\u00a0<em>la Fl\u00fbte<\/em>\u00a0\u00bb pour le film\u00a0<em>The Quickie<\/em>\u00a0(Sergue\u00ef Bodrov). Elle est choriste-soliste dans\u00a0le <em>Petit Prince<\/em>\u00a0(musique de\u00a0Richard Cocciante).<\/p>\n\n\n\n<h2 class=\"wp-block-heading\">Message<\/h2>\n\n\n\n<p class=\"has-drop-cap\"><em>Chanter l\u2019Amour est mon oxyg\u00e8ne.<\/em><br><em>En Russie, vivant derri\u00e8re le \u00ab rideau de fer\u00bb j\u2019\u00e9tais assoiff\u00e9e de d\u00e9couvrir ce qu\u2019il y avait derri\u00e8re\u2026 J\u2019ai toujours voyag\u00e9 \u00e0 travers la musique. A Paris, carrefours des cultures, mes rencontres avec des musiciens du monde entier m\u2019ont ouvert d\u2019autres horizons.<\/em><\/p>\n\n\n\n<p><em>Je chante le \u00ab blues \u00bb pour exprimer la r\u00e9volte et la libert\u00e9. Durant la p\u00e9riode communiste le jazz, consid\u00e9r\u00e9 comme musique diabolique et loisir facile des bourgeois r\u00e9prouv\u00e9s, \u00e9tait interdit. La nostalgie de la bossa se m\u00eale parfaitement avec celle que draine la Russie, \u00e0 une diff\u00e9rence pr\u00e8s : c\u2019est qu\u2019au Br\u00e9sil il y a du soleil donc c\u2019est une nostalgie lumineuse tandis qu\u2019en Russie, elle est absolument tragique.<\/em><\/p>\n\n\n\n<p><em>J\u2019ai envie de vivre heureuse et amoureuse. A travers mes chansons je me fie \u00e0 l\u2019homme et je livre les souffrances de la femme afin d\u2019entamer un dialogue d\u2019affinit\u00e9s\u2026<\/em><br><em>Pour venir en France j\u2019ai pris le \u00ab\u00a0Transsib\u00e9rien\u00a0\u00bb mais dans l\u2019autre sens \u2013 de l\u2019est \u00e0 l\u2019ouest.<\/em><br><em>Laissant derri\u00e8re moi les plaines, les for\u00eats et les rivi\u00e8res o\u00f9 l\u2019on est soumis \u00e0 la loi de la nature (l\u00e0-bas on m\u2019appelait Mowgli), je suis entr\u00e9e dans la civilisation, m\u2019encha\u00eenant \u00e0 elle, acceptant ses r\u00e8gles, son jeu de soci\u00e9t\u00e9, ce monde g\u00e9r\u00e9 par les hommes et leur soif d\u2019argent.<\/em><br><em>Ici je me sens comme une boussole, partag\u00e9e entre les 4 coins du monde : je suis europ\u00e9enne d\u2019esprit, asiatique de naissance, africaine de c\u0153ur et indienne d\u2019Am\u00e9rique (parente des esquimaux) de par mes origines g\u00e9n\u00e9tiques. Quelle direction je montre ? La mienne, peut-\u00eatre, mais je ne sais pas o\u00f9 elle m\u00e8ne !<\/em><br><em>Veronika.<\/em><\/p>\n\n\n\n<h2 class=\"wp-block-heading\">Chanson autobiographique \u00ab\u00a0Ma Russie\u00a0\u00bb <\/h2>\n\n\n\n<figure class=\"wp-block-embed is-type-video is-provider-youtube wp-block-embed-youtube wp-embed-aspect-4-3 wp-has-aspect-ratio\"><div class=\"wp-block-embed__wrapper\">\n<iframe loading=\"lazy\" title=\"&quot;Ma Russie&quot; -  Veronika Bulycheva (Clip)\" width=\"920\" height=\"690\" src=\"https:\/\/www.youtube.com\/embed\/OiImoTrtNfQ?feature=oembed\" frameborder=\"0\" allow=\"accelerometer; autoplay; clipboard-write; encrypted-media; gyroscope; picture-in-picture\" allowfullscreen><\/iframe>\n<\/div><\/figure>\n\n\n\n<h2 class=\"wp-block-heading\">Film documentaire \u00ab\u00a0Chanson de Veronika\u00a0\u00bb <\/h2>\n\n\n\n<figure class=\"wp-block-embed is-type-video is-provider-youtube wp-block-embed-youtube wp-embed-aspect-16-9 wp-has-aspect-ratio\"><div class=\"wp-block-embed__wrapper\">\n<iframe loading=\"lazy\" title=\"\u0424\u0438\u043b\u044c\u043c &quot;\u041f\u0435\u0441\u043d\u044f \u0412\u0435\u0440\u043e\u043d\u0438\u043a\u0438&quot; (La chanson de Veronika)\" width=\"920\" height=\"518\" src=\"https:\/\/www.youtube.com\/embed\/yxsQPg1Rtio?feature=oembed\" frameborder=\"0\" allow=\"accelerometer; autoplay; clipboard-write; encrypted-media; gyroscope; picture-in-picture\" allowfullscreen><\/iframe>\n<\/div><figcaption>Village Kigbaevo (Oudmourtie, Russie) Film\u00e9 entre 1998 et 2018<\/figcaption><\/figure>\n","protected":false},"excerpt":{"rendered":"<p>Veronika Bulycheva, est proche de nous, comme si sa langue maternelle et la n\u00f4tre ne faisait qu\u2019une. Dans un registre contemporain, la suavit\u00e9 et le ton l\u00e9ger de ses mots<span class=\"more-button\"><a href=\"https:\/\/veronikabulycheva.com\/index.php\/biographie\/\" class=\"more-link\">Continue reading<span class=\"screen-reader-text\">Biographie<\/span><\/a><\/span><\/p>\n","protected":false},"author":1,"featured_media":0,"parent":0,"menu_order":0,"comment_status":"closed","ping_status":"closed","template":"","meta":{"footnotes":""},"class_list":["post-157","page","type-page","status-publish","hentry"],"_links":{"self":[{"href":"https:\/\/veronikabulycheva.com\/index.php\/wp-json\/wp\/v2\/pages\/157","targetHints":{"allow":["GET"]}}],"collection":[{"href":"https:\/\/veronikabulycheva.com\/index.php\/wp-json\/wp\/v2\/pages"}],"about":[{"href":"https:\/\/veronikabulycheva.com\/index.php\/wp-json\/wp\/v2\/types\/page"}],"author":[{"embeddable":true,"href":"https:\/\/veronikabulycheva.com\/index.php\/wp-json\/wp\/v2\/users\/1"}],"replies":[{"embeddable":true,"href":"https:\/\/veronikabulycheva.com\/index.php\/wp-json\/wp\/v2\/comments?post=157"}],"version-history":[{"count":3,"href":"https:\/\/veronikabulycheva.com\/index.php\/wp-json\/wp\/v2\/pages\/157\/revisions"}],"predecessor-version":[{"id":2391,"href":"https:\/\/veronikabulycheva.com\/index.php\/wp-json\/wp\/v2\/pages\/157\/revisions\/2391"}],"wp:attachment":[{"href":"https:\/\/veronikabulycheva.com\/index.php\/wp-json\/wp\/v2\/media?parent=157"}],"curies":[{"name":"wp","href":"https:\/\/api.w.org\/{rel}","templated":true}]}}